{"id":554,"date":"2025-07-21T14:15:12","date_gmt":"2025-07-21T14:15:12","guid":{"rendered":"https:\/\/klaipedabiennial.lt\/?page_id=554"},"modified":"2026-01-21T14:16:52","modified_gmt":"2026-01-21T14:16:52","slug":"dalyviai","status":"publish","type":"page","link":"https:\/\/klaipedabiennial.lt\/en\/dalyviai\/","title":{"rendered":"Artists"},"content":{"rendered":"<div data-elementor-type=\"wp-page\" data-elementor-id=\"554\" class=\"elementor elementor-554\" data-elementor-post-type=\"page\">\n\t\t\t\t<div class=\"elementor-element elementor-element-ee04156 e-con-full e-flex e-con e-parent\" data-id=\"ee04156\" data-element_type=\"container\">\n\t\t\t\t<div class=\"elementor-element elementor-element-711c5e7 elementor-widget elementor-widget-heading\" data-id=\"711c5e7\" data-element_type=\"widget\" data-widget_type=\"heading.default\">\n\t\t\t\t<div class=\"elementor-widget-container\">\n\t\t\t\t\t<h2 class=\"elementor-heading-title elementor-size-default\">Artists list<\/h2>\t\t\t\t<\/div>\n\t\t\t\t<\/div>\n\t\t\t\t<\/div>\n\t\t<div class=\"elementor-element elementor-element-3b81648 e-flex e-con-boxed e-con e-parent\" data-id=\"3b81648\" data-element_type=\"container\">\n\t\t\t\t\t<div class=\"e-con-inner\">\n\t\t<a class=\"elementor-element elementor-element-fae421f e-con-full e-flex e-con e-child\" data-id=\"fae421f\" data-element_type=\"container\" href=\"#\">\n\t\t\t\t<div class=\"elementor-element elementor-element-5c7b1f2 elementor-widget elementor-widget-text-editor\" data-id=\"5c7b1f2\" data-element_type=\"widget\" data-widget_type=\"text-editor.default\">\n\t\t\t\t<div class=\"elementor-widget-container\">\n\t\t\t\t\t\t\t\t\t<p>Gabriel\u0117 Adomaityt\u0117<br \/>Matti Aikio<br \/>Bernardas Aleknavi\u010dius<br \/>Madeleine Andersson<br \/>Tekla Aslanishvili<br \/>Ar\u016bn\u0117 Baronait\u0117<br \/>Nina Beier<br \/>Vitalijus Butyrinas<br \/>Adam Christensen<br \/>Mikalojus Konstantinas \u010ciurlionis<br \/>Dovil\u0117 Dagien\u0117<br \/>Vytautas Dara\u0161kevi\u010dius<br \/>\u201cDoooooris\u201d<br \/>Milda Drazdauskait\u0117<br \/>Irena Giedraitien\u0117<br \/>Henrikas Gulbinas<br \/>Karla Gruodis<br \/>Vidmantas Il\u010diukas<br \/>Agn\u0117 Jok\u0161\u0117<br \/>Edith Karlson<br \/>Joachim Koester<br \/>Algimantas Kun\u010dius<br \/>\u010ceslovas Lukenskas<\/p>\t\t\t\t\t\t\t\t<\/div>\n\t\t\t\t<\/div>\n\t\t\t\t<\/a>\n\t\t<a class=\"elementor-element elementor-element-5d74e06 e-con-full e-flex e-con e-child\" data-id=\"5d74e06\" data-element_type=\"container\" href=\"#\">\n\t\t\t\t<div class=\"elementor-element elementor-element-cb046cb elementor-widget elementor-widget-text-editor\" data-id=\"cb046cb\" data-element_type=\"widget\" data-widget_type=\"text-editor.default\">\n\t\t\t\t<div class=\"elementor-widget-container\">\n\t\t\t\t\t\t\t\t\t<p>Paulius Makauskas<br \/>Simon Dybbroe M\u00f8ller<br \/>Paulina Mongirdait\u0117<br \/>Katja Novitskova<br \/>Vitalija Petraityt\u0117<br \/>Rodion Petroff<br \/>Emilija Povilanskait\u0117 and Clara Schweers<br \/>Romualdas Po\u017eerskis<br \/>Liudvikas Ruikas<br \/>Janina Sabaliauskait\u0117<br \/>Julija Skudutyt\u0117<br \/>P. Staff<br \/>Marija Su\u010dilait\u0117<br \/>Malka Sultan<br \/>Veronika \u0160leivyt\u0117<br \/>Virgilijus \u0160onta<br \/>Aske Tiberg<br \/>Viktor Timofeev<br \/>Remigijus Treigys<br \/>Gintautas Trimakas<br \/>Raimundas Urbonas<br \/>Lesia Vasylchenko<\/p>\t\t\t\t\t\t\t\t<\/div>\n\t\t\t\t<\/div>\n\t\t\t\t<\/a>\n\t\t\t\t\t<\/div>\n\t\t\t\t<\/div>\n\t\t\t\t<\/div>","protected":false},"excerpt":{"rendered":"<p>DALYVI\u0172 IR K\u016aRINI\u0172 S\u0104RA\u0160AS Gabriel\u0117 Adomaityt\u0117 Matti Aikio Bernardas Aleknavi\u010dius Madeleine Andersson Tekla Aslanishvili Ar\u016bn\u0117 Baronait\u0117 Nina Beier Vitalijus Butyrinas Adam Christensen Mikalojus Konstantinas \u010ciurlionis Dovil\u0117 Dagien\u0117 Vytautas Dara\u0161kevi\u010dius \u201eDoooooris\u201c Milda Drazdauskait\u0117 Irena Giedraitien\u0117 Henrikas Gulbinas Karla Gruodis Vidmantas Il\u010diukas Agn\u0117 Jok\u0161\u0117 Edith Karlson Joachim Koester Algimantas Kun\u010dius \u010ceslovas Lukenskas Paulius Makauskas Simon Dybbroe M\u00f8ller [&hellip;]<\/p>","protected":false},"author":1,"featured_media":0,"parent":0,"menu_order":0,"comment_status":"closed","ping_status":"closed","template":"","meta":{"_acf_changed":false,"footnotes":""},"class_list":["post-554","page","type-page","status-publish","hentry"],"acf":[],"_links":{"self":[{"href":"https:\/\/klaipedabiennial.lt\/en\/wp-json\/wp\/v2\/pages\/554","targetHints":{"allow":["GET"]}}],"collection":[{"href":"https:\/\/klaipedabiennial.lt\/en\/wp-json\/wp\/v2\/pages"}],"about":[{"href":"https:\/\/klaipedabiennial.lt\/en\/wp-json\/wp\/v2\/types\/page"}],"author":[{"embeddable":true,"href":"https:\/\/klaipedabiennial.lt\/en\/wp-json\/wp\/v2\/users\/1"}],"replies":[{"embeddable":true,"href":"https:\/\/klaipedabiennial.lt\/en\/wp-json\/wp\/v2\/comments?post=554"}],"version-history":[{"count":0,"href":"https:\/\/klaipedabiennial.lt\/en\/wp-json\/wp\/v2\/pages\/554\/revisions"}],"wp:attachment":[{"href":"https:\/\/klaipedabiennial.lt\/en\/wp-json\/wp\/v2\/media?parent=554"}],"curies":[{"name":"wp","href":"https:\/\/api.w.org\/{rel}","templated":true}]}}