{"id":15,"date":"2025-04-18T10:38:17","date_gmt":"2025-04-18T10:38:17","guid":{"rendered":"https:\/\/klaipedabiennial.lt\/?page_id=15"},"modified":"2025-08-19T06:29:45","modified_gmt":"2025-08-19T06:29:45","slug":"i-oji-klaipedos-bienale","status":"publish","type":"page","link":"https:\/\/klaipedabiennial.lt\/en\/","title":{"rendered":"I-oji Klaip\u0117dos bienal\u0117"},"content":{"rendered":"<div data-elementor-type=\"wp-page\" data-elementor-id=\"15\" class=\"elementor elementor-15\" data-elementor-post-type=\"page\">\n\t\t\t\t<div class=\"elementor-element elementor-element-5dd8378 e-con-full e-flex e-con e-child\" data-id=\"5dd8378\" data-element_type=\"container\" data-settings=\"{&quot;background_background&quot;:&quot;video&quot;,&quot;background_video_link&quot;:&quot;https:\\\/\\\/klaipedabiennial.lt\\\/wp-content\\\/uploads\\\/2025\\\/08\\\/EN-1920x1080-web.mp4&quot;}\">\n\t\t<div class=\"elementor-background-video-container elementor-hidden-mobile\" aria-hidden=\"true\">\n\t\t\t\t\t\t\t<video class=\"elementor-background-video-hosted\" autoplay muted playsinline loop><\/video>\n\t\t\t\t\t<\/div>\t\t<\/div>\n\t\t<div class=\"elementor-element elementor-element-a72adbd e-flex e-con-boxed e-con e-child\" data-id=\"a72adbd\" data-element_type=\"container\" id=\"content\">\n\t\t\t\t\t<div class=\"e-con-inner\">\n\t\t<div class=\"elementor-element elementor-element-e36ad77 e-con-full e-flex e-con e-child\" data-id=\"e36ad77\" data-element_type=\"container\">\n\t\t\t\t<div class=\"elementor-element elementor-element-5c878e3 elementor-widget elementor-widget-heading\" data-id=\"5c878e3\" data-element_type=\"widget\" data-widget_type=\"heading.default\">\n\t\t\t\t<div class=\"elementor-widget-container\">\n\t\t\t\t\t<h3 class=\"elementor-heading-title elementor-size-default\">Klaip\u0117da Biennial<\/h3>\t\t\t\t<\/div>\n\t\t\t\t<\/div>\n\t\t\t\t<div class=\"elementor-element elementor-element-24e9c13 elementor-widget__width-initial elementor-widget elementor-widget-text-editor\" data-id=\"24e9c13\" data-element_type=\"widget\" data-widget_type=\"text-editor.default\">\n\t\t\t\t<div class=\"elementor-widget-container\">\n\t\t\t\t\t\t\t\t\t<p><span style=\"font-weight: 400;\">\u2018Transit\u2019 (from the Latin <\/span><i><span style=\"font-weight: 400;\">transitus<\/span><\/i><span style=\"font-weight: 400;\"> \u2013 meaning passage or change) serves as the keyword of the upcoming Biennial, referring to an intermediate state of transition and transformation. This concept unfolds through several interconnected sub-themes. <\/span><\/p>\t\t\t\t\t\t\t\t<\/div>\n\t\t\t\t<\/div>\n\t\t\t\t<div class=\"elementor-element elementor-element-4e73626 elementor-align-center elementor-widget elementor-widget-button\" data-id=\"4e73626\" data-element_type=\"widget\" data-widget_type=\"button.default\">\n\t\t\t\t<div class=\"elementor-widget-container\">\n\t\t\t\t\t\t\t\t\t<div class=\"elementor-button-wrapper\">\n\t\t\t\t\t<a class=\"elementor-button elementor-button-link elementor-size-sm\" href=\"https:\/\/klaipedabiennial.lt\/en\/apie\/\">\n\t\t\t\t\t\t<span class=\"elementor-button-content-wrapper\">\n\t\t\t\t\t\t\t\t\t<span class=\"elementor-button-text\">More about biennial<\/span>\n\t\t\t\t\t<\/span>\n\t\t\t\t\t<\/a>\n\t\t\t\t<\/div>\n\t\t\t\t\t\t\t\t<\/div>\n\t\t\t\t<\/div>\n\t\t\t\t<\/div>\n\t\t\t\t\t<\/div>\n\t\t\t\t<\/div>\n\t\t<div class=\"elementor-element elementor-element-d1c5ae8 e-flex e-con-boxed e-con e-child\" data-id=\"d1c5ae8\" data-element_type=\"container\" data-settings=\"{&quot;background_background&quot;:&quot;classic&quot;}\">\n\t\t\t\t\t<div class=\"e-con-inner\">\n\t\t\t\t<div class=\"elementor-element elementor-element-5a68f67 elementor-grid-3 elementor-grid-tablet-2 elementor-grid-mobile-1 elementor-widget elementor-widget-loop-grid\" data-id=\"5a68f67\" data-element_type=\"widget\" data-settings=\"{&quot;template_id&quot;:82,&quot;_skin&quot;:&quot;post&quot;,&quot;columns&quot;:&quot;3&quot;,&quot;columns_tablet&quot;:&quot;2&quot;,&quot;columns_mobile&quot;:&quot;1&quot;,&quot;edit_handle_selector&quot;:&quot;[data-elementor-type=\\&quot;loop-item\\&quot;]&quot;,&quot;row_gap&quot;:{&quot;unit&quot;:&quot;px&quot;,&quot;size&quot;:&quot;&quot;,&quot;sizes&quot;:[]},&quot;row_gap_tablet&quot;:{&quot;unit&quot;:&quot;px&quot;,&quot;size&quot;:&quot;&quot;,&quot;sizes&quot;:[]},&quot;row_gap_mobile&quot;:{&quot;unit&quot;:&quot;px&quot;,&quot;size&quot;:&quot;&quot;,&quot;sizes&quot;:[]}}\" data-widget_type=\"loop-grid.post\">\n\t\t\t\t<div class=\"elementor-widget-container\">\n\t\t\t\t\t\t\t<div class=\"elementor-loop-container elementor-grid\" role=\"list\">\n\t\t<style id=\"loop-82\">.elementor-82 .elementor-element.elementor-element-0cfff26{--display:flex;--min-height:70vh;--flex-direction:column;--container-widget-width:100%;--container-widget-height:initial;--container-widget-flex-grow:0;--container-widget-align-self:initial;--flex-wrap-mobile:wrap;border-style:solid;--border-style:solid;border-width:1px 1px 1px 1px;--border-top-width:1px;--border-right-width:1px;--border-bottom-width:1px;--border-left-width:1px;border-color:#E2E2E2;--border-color:#E2E2E2;--padding-top:0px;--padding-bottom:15px;--padding-left:0px;--padding-right:0px;}.elementor-82 .elementor-element.elementor-element-0cfff26:not(.elementor-motion-effects-element-type-background), .elementor-82 .elementor-element.elementor-element-0cfff26 > .elementor-motion-effects-container > .elementor-motion-effects-layer{background-color:#FFFFFF;}.elementor-widget-theme-post-featured-image .widget-image-caption{color:var( --e-global-color-text );font-family:var( --e-global-typography-text-font-family ), Sans-serif;font-size:var( --e-global-typography-text-font-size );font-weight:var( --e-global-typography-text-font-weight );line-height:var( --e-global-typography-text-line-height );letter-spacing:var( --e-global-typography-text-letter-spacing );}.elementor-82 .elementor-element.elementor-element-ad338a0 > .elementor-widget-container{padding:0px 0px 0px 0px;}.elementor-82 .elementor-element.elementor-element-ad338a0 img{max-width:100%;height:285px;object-fit:contain;object-position:center center;}.elementor-widget-theme-post-title .elementor-heading-title{font-family:var( --e-global-typography-primary-font-family ), Sans-serif;font-size:var( --e-global-typography-primary-font-size );font-weight:var( --e-global-typography-primary-font-weight );color:var( --e-global-color-primary );}.elementor-82 .elementor-element.elementor-element-bfb8b7c > .elementor-widget-container{margin:-10px 0px 50px 15px;}.elementor-82 .elementor-element.elementor-element-bfb8b7c .elementor-heading-title{font-family:\"Helvetica\", Sans-serif;font-size:26px;font-weight:400;color:#000000;}.elementor-82 .elementor-element.elementor-element-bfb8b7c .elementor-heading-title a:hover, .elementor-82 .elementor-element.elementor-element-bfb8b7c .elementor-heading-title a:focus{color:#313131;}.elementor-widget-heading .elementor-heading-title{font-family:var( --e-global-typography-primary-font-family ), Sans-serif;font-size:var( --e-global-typography-primary-font-size );font-weight:var( --e-global-typography-primary-font-weight );color:var( --e-global-color-primary );}.elementor-82 .elementor-element.elementor-element-c4310ff > .elementor-widget-container{margin:-40px 0px 0px 15px;}.elementor-82 .elementor-element.elementor-element-c4310ff .elementor-heading-title{font-family:\"Helvetica\", Sans-serif;font-size:18px;font-weight:500;color:#000000;}.elementor-82 .elementor-element.elementor-element-5ade97c > .elementor-widget-container{padding:0px 0px 0px 15px;}.elementor-82 .elementor-element.elementor-element-5ade97c .elementor-heading-title{font-family:\"Helvetica\", Sans-serif;font-size:16px;font-weight:400;text-decoration:underline;letter-spacing:0.32px;color:#000000;}@media(max-width:1024px){.elementor-widget-theme-post-featured-image .widget-image-caption{font-size:var( --e-global-typography-text-font-size );line-height:var( --e-global-typography-text-line-height );letter-spacing:var( --e-global-typography-text-letter-spacing );}.elementor-82 .elementor-element.elementor-element-ad338a0 img{height:244px;}.elementor-widget-theme-post-title .elementor-heading-title{font-size:var( --e-global-typography-primary-font-size );}.elementor-widget-heading .elementor-heading-title{font-size:var( --e-global-typography-primary-font-size );}}@media(min-width:768px){.elementor-82 .elementor-element.elementor-element-0cfff26{--content-width:1440px;}}@media(max-width:767px){.elementor-82 .elementor-element.elementor-element-0cfff26{--min-height:25vh;--margin-top:2px;--margin-bottom:2px;--margin-left:2px;--margin-right:2px;--padding-top:0px;--padding-bottom:15px;--padding-left:0px;--padding-right:0px;}.elementor-widget-theme-post-featured-image .widget-image-caption{font-size:var( --e-global-typography-text-font-size );line-height:var( --e-global-typography-text-line-height );letter-spacing:var( --e-global-typography-text-letter-spacing );}.elementor-82 .elementor-element.elementor-element-ad338a0 img{height:100%;}.elementor-widget-theme-post-title .elementor-heading-title{font-size:var( --e-global-typography-primary-font-size );}.elementor-widget-heading .elementor-heading-title{font-size:var( --e-global-typography-primary-font-size );}}<\/style>\t\t<div data-elementor-type=\"loop-item\" data-elementor-id=\"82\" class=\"elementor elementor-82 e-loop-item e-loop-item-1867 post-1867 post type-post status-publish format-standard has-post-thumbnail hentry category-naujiena\" data-elementor-post-type=\"elementor_library\" data-custom-edit-handle=\"1\">\n\t\t\t<div class=\"elementor-element elementor-element-0cfff26 e-flex e-con-boxed e-con e-parent\" data-id=\"0cfff26\" data-element_type=\"container\" data-settings=\"{&quot;background_background&quot;:&quot;classic&quot;}\">\n\t\t\t\t\t<div class=\"e-con-inner\">\n\t\t\t\t<div class=\"elementor-element elementor-element-ad338a0 elementor-widget elementor-widget-theme-post-featured-image elementor-widget-image\" data-id=\"ad338a0\" data-element_type=\"widget\" data-widget_type=\"theme-post-featured-image.default\">\n\t\t\t\t<div class=\"elementor-widget-container\">\n\t\t\t\t\t\t\t\t\t\t\t\t\t\t\t\t<a href=\"https:\/\/klaipedabiennial.lt\/en\/1-oji-klaipedos-bienale-saulelydis-kas-dvejus-metus\/\">\n\t\t\t\t\t\t\t<img fetchpriority=\"high\" decoding=\"async\" width=\"1500\" height=\"1001\" src=\"https:\/\/klaipedabiennial.lt\/wp-content\/uploads\/2026\/01\/5-scaled-e1769002698418.jpg\" class=\"attachment-full size-full wp-image-1872\" alt=\"\" \/>\t\t\t\t\t\t\t\t<\/a>\n\t\t\t\t\t\t\t\t\t\t\t\t\t\t\t<\/div>\n\t\t\t\t<\/div>\n\t\t\t\t<div class=\"elementor-element elementor-element-bfb8b7c elementor-widget elementor-widget-theme-post-title elementor-page-title elementor-widget-heading\" data-id=\"bfb8b7c\" data-element_type=\"widget\" data-widget_type=\"theme-post-title.default\">\n\t\t\t\t<div class=\"elementor-widget-container\">\n\t\t\t\t\t<h2 class=\"elementor-heading-title elementor-size-default\"><a href=\"https:\/\/klaipedabiennial.lt\/en\/1-oji-klaipedos-bienale-saulelydis-kas-dvejus-metus\/\">1st Klaip\u0117da Biennial: Sunset Every Two Years<\/a><\/h2>\t\t\t\t<\/div>\n\t\t\t\t<\/div>\n\t\t\t\t<div class=\"elementor-element elementor-element-5ade97c elementor-widget elementor-widget-heading\" data-id=\"5ade97c\" data-element_type=\"widget\" data-widget_type=\"heading.default\">\n\t\t\t\t<div class=\"elementor-widget-container\">\n\t\t\t\t\t<p class=\"elementor-heading-title elementor-size-default\"><a href=\"https:\/\/klaipedabiennial.lt\/en\/1-oji-klaipedos-bienale-saulelydis-kas-dvejus-metus\/\">More<\/a><\/p>\t\t\t\t<\/div>\n\t\t\t\t<\/div>\n\t\t\t\t\t<\/div>\n\t\t\t\t<\/div>\n\t\t\t\t<\/div>\n\t\t\t\t<div data-elementor-type=\"loop-item\" data-elementor-id=\"82\" class=\"elementor elementor-82 e-loop-item e-loop-item-1855 post-1855 post type-post status-publish format-standard has-post-thumbnail hentry category-naujiena category-renginiai tag-fotografija tag-klaipedos-bienale tag-kurybines-dirbutves\" data-elementor-post-type=\"elementor_library\" data-custom-edit-handle=\"1\">\n\t\t\t<div class=\"elementor-element elementor-element-0cfff26 e-flex e-con-boxed e-con e-parent\" data-id=\"0cfff26\" data-element_type=\"container\" data-settings=\"{&quot;background_background&quot;:&quot;classic&quot;}\">\n\t\t\t\t\t<div class=\"e-con-inner\">\n\t\t\t\t<div class=\"elementor-element elementor-element-ad338a0 elementor-widget elementor-widget-theme-post-featured-image elementor-widget-image\" data-id=\"ad338a0\" data-element_type=\"widget\" data-widget_type=\"theme-post-featured-image.default\">\n\t\t\t\t<div class=\"elementor-widget-container\">\n\t\t\t\t\t\t\t\t\t\t\t\t\t\t\t\t<a href=\"https:\/\/klaipedabiennial.lt\/en\/janinos-sabaliauskaites-fotografijos-dirbtuves-as-skulptura-aiksteje\/\">\n\t\t\t\t\t\t\t<img decoding=\"async\" width=\"1920\" height=\"1200\" src=\"https:\/\/klaipedabiennial.lt\/wp-content\/uploads\/2025\/10\/sj-web.jpg\" class=\"attachment-full size-full wp-image-1856\" alt=\"\" srcset=\"https:\/\/klaipedabiennial.lt\/wp-content\/uploads\/2025\/10\/sj-web.jpg 1920w, https:\/\/klaipedabiennial.lt\/wp-content\/uploads\/2025\/10\/sj-web-300x188.jpg 300w, https:\/\/klaipedabiennial.lt\/wp-content\/uploads\/2025\/10\/sj-web-1024x640.jpg 1024w, https:\/\/klaipedabiennial.lt\/wp-content\/uploads\/2025\/10\/sj-web-768x480.jpg 768w, https:\/\/klaipedabiennial.lt\/wp-content\/uploads\/2025\/10\/sj-web-1536x960.jpg 1536w, https:\/\/klaipedabiennial.lt\/wp-content\/uploads\/2025\/10\/sj-web-18x12.jpg 18w\" sizes=\"(max-width: 1920px) 100vw, 1920px\" \/>\t\t\t\t\t\t\t\t<\/a>\n\t\t\t\t\t\t\t\t\t\t\t\t\t\t\t<\/div>\n\t\t\t\t<\/div>\n\t\t\t\t<div class=\"elementor-element elementor-element-bfb8b7c elementor-widget elementor-widget-theme-post-title elementor-page-title elementor-widget-heading\" data-id=\"bfb8b7c\" data-element_type=\"widget\" data-widget_type=\"theme-post-title.default\">\n\t\t\t\t<div class=\"elementor-widget-container\">\n\t\t\t\t\t<h2 class=\"elementor-heading-title elementor-size-default\"><a href=\"https:\/\/klaipedabiennial.lt\/en\/janinos-sabaliauskaites-fotografijos-dirbtuves-as-skulptura-aiksteje\/\">Janinos Sabaliauskait\u0117s fotografijos dirbtuv\u0117s \u201eA\u0161 \u2013 Skulpt\u016bra Aik\u0161t\u0117je\u201c<\/a><\/h2>\t\t\t\t<\/div>\n\t\t\t\t<\/div>\n\t\t\t\t<div class=\"elementor-element elementor-element-5ade97c elementor-widget elementor-widget-heading\" data-id=\"5ade97c\" data-element_type=\"widget\" data-widget_type=\"heading.default\">\n\t\t\t\t<div class=\"elementor-widget-container\">\n\t\t\t\t\t<p class=\"elementor-heading-title elementor-size-default\"><a href=\"https:\/\/klaipedabiennial.lt\/en\/janinos-sabaliauskaites-fotografijos-dirbtuves-as-skulptura-aiksteje\/\">More<\/a><\/p>\t\t\t\t<\/div>\n\t\t\t\t<\/div>\n\t\t\t\t\t<\/div>\n\t\t\t\t<\/div>\n\t\t\t\t<\/div>\n\t\t\t\t<div data-elementor-type=\"loop-item\" data-elementor-id=\"82\" class=\"elementor elementor-82 e-loop-item e-loop-item-1851 post-1851 post type-post status-publish format-standard has-post-thumbnail hentry category-naujiena category-renginiai\" data-elementor-post-type=\"elementor_library\" data-custom-edit-handle=\"1\">\n\t\t\t<div class=\"elementor-element elementor-element-0cfff26 e-flex e-con-boxed e-con e-parent\" data-id=\"0cfff26\" data-element_type=\"container\" data-settings=\"{&quot;background_background&quot;:&quot;classic&quot;}\">\n\t\t\t\t\t<div class=\"e-con-inner\">\n\t\t\t\t<div class=\"elementor-element elementor-element-ad338a0 elementor-widget elementor-widget-theme-post-featured-image elementor-widget-image\" data-id=\"ad338a0\" data-element_type=\"widget\" data-widget_type=\"theme-post-featured-image.default\">\n\t\t\t\t<div class=\"elementor-widget-container\">\n\t\t\t\t\t\t\t\t\t\t\t\t\t\t\t\t<a href=\"https:\/\/klaipedabiennial.lt\/en\/pokalbiai-su-klaipedos-menininkais\/\">\n\t\t\t\t\t\t\t<img decoding=\"async\" width=\"2560\" height=\"1340\" src=\"https:\/\/klaipedabiennial.lt\/wp-content\/uploads\/2025\/10\/event-1-min-scaled.jpg\" class=\"attachment-full size-full wp-image-1852\" alt=\"Pokalbiai su Klaip\u0117dos menininkais\u00a0\" srcset=\"https:\/\/klaipedabiennial.lt\/wp-content\/uploads\/2025\/10\/event-1-min-scaled.jpg 2560w, https:\/\/klaipedabiennial.lt\/wp-content\/uploads\/2025\/10\/event-1-min-300x157.jpg 300w, https:\/\/klaipedabiennial.lt\/wp-content\/uploads\/2025\/10\/event-1-min-1024x536.jpg 1024w, https:\/\/klaipedabiennial.lt\/wp-content\/uploads\/2025\/10\/event-1-min-768x402.jpg 768w, https:\/\/klaipedabiennial.lt\/wp-content\/uploads\/2025\/10\/event-1-min-1536x804.jpg 1536w, https:\/\/klaipedabiennial.lt\/wp-content\/uploads\/2025\/10\/event-1-min-2048x1072.jpg 2048w, https:\/\/klaipedabiennial.lt\/wp-content\/uploads\/2025\/10\/event-1-min-18x9.jpg 18w\" sizes=\"(max-width: 2560px) 100vw, 2560px\" \/>\t\t\t\t\t\t\t\t<\/a>\n\t\t\t\t\t\t\t\t\t\t\t\t\t\t\t<\/div>\n\t\t\t\t<\/div>\n\t\t\t\t<div class=\"elementor-element elementor-element-bfb8b7c elementor-widget elementor-widget-theme-post-title elementor-page-title elementor-widget-heading\" data-id=\"bfb8b7c\" data-element_type=\"widget\" data-widget_type=\"theme-post-title.default\">\n\t\t\t\t<div class=\"elementor-widget-container\">\n\t\t\t\t\t<h2 class=\"elementor-heading-title elementor-size-default\"><a href=\"https:\/\/klaipedabiennial.lt\/en\/pokalbiai-su-klaipedos-menininkais\/\">Pokalbiai su Klaip\u0117dos menininkais\u00a0<\/a><\/h2>\t\t\t\t<\/div>\n\t\t\t\t<\/div>\n\t\t\t\t<div class=\"elementor-element elementor-element-c4310ff elementor-widget elementor-widget-heading\" data-id=\"c4310ff\" data-element_type=\"widget\" data-widget_type=\"heading.default\">\n\t\t\t\t<div class=\"elementor-widget-container\">\n\t\t\t\t\t<h2 class=\"elementor-heading-title elementor-size-default\">Spalio 10 d. 17.30 val.<\/h2>\t\t\t\t<\/div>\n\t\t\t\t<\/div>\n\t\t\t\t<div class=\"elementor-element elementor-element-5ade97c elementor-widget elementor-widget-heading\" data-id=\"5ade97c\" data-element_type=\"widget\" data-widget_type=\"heading.default\">\n\t\t\t\t<div class=\"elementor-widget-container\">\n\t\t\t\t\t<p class=\"elementor-heading-title elementor-size-default\"><a href=\"https:\/\/klaipedabiennial.lt\/en\/pokalbiai-su-klaipedos-menininkais\/\">More<\/a><\/p>\t\t\t\t<\/div>\n\t\t\t\t<\/div>\n\t\t\t\t\t<\/div>\n\t\t\t\t<\/div>\n\t\t\t\t<\/div>\n\t\t\t\t<\/div>\n\t\t\n\t\t\t\t\t\t<\/div>\n\t\t\t\t<\/div>\n\t\t<div class=\"elementor-element elementor-element-600fd5b e-con-full e-flex e-con e-child\" data-id=\"600fd5b\" data-element_type=\"container\">\n\t\t\t\t<div class=\"elementor-element elementor-element-cb97051 elementor-align-left elementor-mobile-align-center elementor-widget elementor-widget-button\" data-id=\"cb97051\" data-element_type=\"widget\" data-widget_type=\"button.default\">\n\t\t\t\t<div class=\"elementor-widget-container\">\n\t\t\t\t\t\t\t\t\t<div class=\"elementor-button-wrapper\">\n\t\t\t\t\t<a class=\"elementor-button elementor-button-link elementor-size-sm\" href=\"https:\/\/klaipedabiennial.lt\/en\/naujienos\/\">\n\t\t\t\t\t\t<span class=\"elementor-button-content-wrapper\">\n\t\t\t\t\t\t\t\t\t<span class=\"elementor-button-text\">More..<\/span>\n\t\t\t\t\t<\/span>\n\t\t\t\t\t<\/a>\n\t\t\t\t<\/div>\n\t\t\t\t\t\t\t\t<\/div>\n\t\t\t\t<\/div>\n\t\t\t\t<\/div>\n\t\t\t\t\t<\/div>\n\t\t\t\t<\/div>\n\t\t\t\t<\/div>","protected":false},"excerpt":{"rendered":"<p>Klaip\u0117dos bienal\u0117 Tranzitas (lot. transitus \u2013 per\u0117jimas) kaip tarpin\u0117 kismo ir jud\u0117jimo b\u016bsena yra esminis b\u016bsimos bienal\u0117s rakta\u017eodis. Tranzito tema parodoje i\u0161skleid\u017eiama per \u012fvairias potemes. Daugiau apie bienal\u0119 Daugiau naujien\u0173<\/p>","protected":false},"author":1,"featured_media":0,"parent":0,"menu_order":0,"comment_status":"closed","ping_status":"closed","template":"elementor_header_footer","meta":{"_acf_changed":false,"footnotes":""},"class_list":["post-15","page","type-page","status-publish","hentry"],"acf":[],"_links":{"self":[{"href":"https:\/\/klaipedabiennial.lt\/en\/wp-json\/wp\/v2\/pages\/15","targetHints":{"allow":["GET"]}}],"collection":[{"href":"https:\/\/klaipedabiennial.lt\/en\/wp-json\/wp\/v2\/pages"}],"about":[{"href":"https:\/\/klaipedabiennial.lt\/en\/wp-json\/wp\/v2\/types\/page"}],"author":[{"embeddable":true,"href":"https:\/\/klaipedabiennial.lt\/en\/wp-json\/wp\/v2\/users\/1"}],"replies":[{"embeddable":true,"href":"https:\/\/klaipedabiennial.lt\/en\/wp-json\/wp\/v2\/comments?post=15"}],"version-history":[{"count":0,"href":"https:\/\/klaipedabiennial.lt\/en\/wp-json\/wp\/v2\/pages\/15\/revisions"}],"wp:attachment":[{"href":"https:\/\/klaipedabiennial.lt\/en\/wp-json\/wp\/v2\/media?parent=15"}],"curies":[{"name":"wp","href":"https:\/\/api.w.org\/{rel}","templated":true}]}}