{"id":1022,"date":"2025-08-06T08:50:14","date_gmt":"2025-08-06T08:50:14","guid":{"rendered":"https:\/\/klaipedabiennial.lt\/?page_id=1022"},"modified":"2025-08-07T07:26:58","modified_gmt":"2025-08-07T07:26:58","slug":"privatumo-politika","status":"publish","type":"page","link":"https:\/\/klaipedabiennial.lt\/en\/privatumo-politika\/","title":{"rendered":"Privacy policy"},"content":{"rendered":"<div data-elementor-type=\"wp-page\" data-elementor-id=\"1022\" class=\"elementor elementor-1022\" data-elementor-post-type=\"page\">\n\t\t\t\t<div class=\"elementor-element elementor-element-5dbddd41 e-flex e-con-boxed e-con e-parent\" data-id=\"5dbddd41\" data-element_type=\"container\">\n\t\t\t\t\t<div class=\"e-con-inner\">\n\t\t\t\t<div class=\"elementor-element elementor-element-1ddb71b1 elementor-widget elementor-widget-text-editor\" data-id=\"1ddb71b1\" data-element_type=\"widget\" data-widget_type=\"text-editor.default\">\n\t\t\t\t<div class=\"elementor-widget-container\">\n\t\t\t\t\t\t\t\t\t\n<h2 class=\"wp-block-heading\">BENDROSIOS NUOSTATOS<\/h2>\n\n<p>Vie\u0161osios \u012fstaigos \u201e<strong>B\u012e Klaip\u0117dos kult\u016br\u0173 komunikacij\u0173 centras<\/strong>\u201c asmens duomen\u0173 tvarkymo taisykl\u0117s (toliau \u2013 Taisykl\u0117s) nustato vie\u0161osios \u012fstaigos \u201e<strong>B\u012e Klaip\u0117dos kult\u016br\u0173 komunikacij\u0173 centras<\/strong>\u201c (toliau \u2013 \u012estaiga) asmens duomen\u0173 tvarkymo taisykles.<br \/><br \/>Taisykl\u0117mis siekiama u\u017etikrinti Bendrojo asmens duomen\u0173 apsaugos reglamento (ES) 2016\/679 (toliau BDAR) laikym\u0105si ir \u012fgyvendinim\u0105 \u012fstaigoje.<br \/><br \/>\u0160iose Taisykl\u0117se vartojamos s\u0105vokos atitinka BDAR vartojamas s\u0105vokas.<br \/>\u012estaigos darbuotojai, \u012fgalioti tvarkyti asmens duomenis, privalo laikytis \u0161i\u0173 Taisykli\u0173, turi b\u016bti pasira\u0161ytinai su jomis supa\u017eindinti.<br \/><br \/>S\u0104VOKOS<\/p>\n\n<p>Asmens duomenys \u2013 bet kokia informacija apie fizin\u012f asmen\u012f, kurio tapatyb\u0117 nustatyta arba kurio tapatyb\u0119 galima nustatyti (duomen\u0173 subjektas); fizinis asmuo, kurio tapatyb\u0119 galima nustatyti, yra asmuo, kurio tapatyb\u0119 tiesiogiai arba netiesiogiai galima nustatyti, vis\u0173 pirma pagal identifikatori\u0173, kaip antai vard\u0105 ir pavard\u0119, asmens identifikavimo numer\u012f, buvimo vietos duomenis ir interneto identifikatori\u0173 arba pagal vien\u0105 ar kelis to fizinio asmens fizin\u0117s, fiziologin\u0117s, genetin\u0117s, psichin\u0117s, ekonomin\u0117s, kult\u016brin\u0117s ar socialin\u0117s tapatyb\u0117s po\u017eymius;<br \/>Duomen\u0173 tvarkymas \u2013 bet kokia automatizuotomis arba neautomatizuotomis priemon\u0117mis su asmens duomenimis ar asmens duomen\u0173 rinkiniais atliekama operacija ar operacij\u0173 seka, kaip antai rinkimas, \u012fra\u0161ymas, r\u016b\u0161iavimas, sisteminimas, saugojimas, adaptavimas ar keitimas, i\u0161gava, susipa\u017einimas, naudojimas, atskleidimas persiun\u010diant, platinant ar kitu b\u016bdu sudarant galimyb\u0119 jais naudotis, taip pat sugretinimas ar sujungimas su kitais duomenimis, apribojimas, i\u0161trynimas arba sunaikinimas;<br \/>Duomen\u0173 valdytojas \u2013 vie\u0161oji \u012fstaiga \u201e<strong>B\u012e Klaip\u0117dos kult\u016br\u0173 komunikacij\u0173 centra<\/strong>s\u201c, \u012f. k. 1882 04815 .<br \/><br \/>BENDRIEJI REIKALAVIMAI DUOMEN\u0172 TVARKYMUI<\/p>\n\n<p>Asmens duomenys turi b\u016bti duomen\u0173 subjekto at\u017evilgiu tvarkomi teis\u0117tu, s\u0105\u017einingu ir skaidriu b\u016bdu (teis\u0117tumo, s\u0105\u017einingumo ir skaidrumo principas);<br \/>Asmens duomenys turi b\u016bti renkami nustatytais, ai\u0161kiai apibr\u0117\u017etais bei teis\u0117tais tikslais ir toliau netvarkomi su tais tikslais nesuderinamu b\u016bdu;<br \/>Asmens duomenys turi b\u016bti adekvat\u016bs, tinkami ir tik tokie, kuri\u0173 reikia siekiant tiksl\u0173, d\u0117l kuri\u0173 jie tvarkomi (duomen\u0173 kiekio ma\u017einimo principas);<br \/>Asmens duomenys turi b\u016bti tiksl\u016bs ir prireikus atnaujinami; turi b\u016bti imamasi vis\u0173 pagr\u012fst\u0173 priemoni\u0173 u\u017etikrinti, kad asmens duomenys, kurie n\u0117ra tiksl\u016bs, atsi\u017evelgiant \u012f j\u0173 tvarkymo tikslus, b\u016bt\u0173 nedelsiant i\u0161trinami arba i\u0161taisomi (tikslumo principas);<br \/>Asmens duomenys turi b\u016bti laikomi tokia forma, kad duomen\u0173 subjekt\u0173 tapatyb\u0119 b\u016bt\u0173 galima nustatyti ne ilgiau, nei tai yra b\u016btina tais tikslais, kuriais asmens duomenys yra tvarkomi; tvarkomi tokiu b\u016bdu, kad taikant atitinkamas technines ar organizacines priemones b\u016bt\u0173 u\u017etikrintas tinkamas asmens duomen\u0173 saugumas, \u012fskaitant apsaug\u0105 nuo duomen\u0173 tvarkymo be leidimo arba neteis\u0117to duomen\u0173 tvarkymo ir nuo nety\u010dinio praradimo, sunaikinimo ar sugadinimo (vientisumo ir konfidencialumo principas).<br \/><br \/>DUOMEN\u0172 SUBJEKT\u0172 TEIS\u0116S<\/p>\n\n<p>Duomen\u0173 subjektai turi \u0161ias teises:<br \/>Teis\u0117 \u017einoti apie savo asmens duomen\u0173 tvarkym\u0105.<\/p>\n\n<ul class=\"wp-block-list\">\n<li>Duomen\u0173 valdytojas rinkdamas asmens duomenis, privalo suteikti informacij\u0105, kokiais tikslais tvarkomi asmens duomenys, kam ir kokiais tikslais jie teikiami.<br \/>Teis\u0117 susipa\u017einti su savo asmens duomenimis.<\/li>\n\n<li>Asmuo turi teis\u0119 kreiptis \u012f Duomen\u0173 valdytoj\u0105 ir gauti informacij\u0105, i\u0161 koki\u0173 \u0161altini\u0173 ir kokie jo asmens duomenys surinkti, kokiu tikslu jie tvarkomi, kam teikiami.<\/li>\n\n<li>\u012estaiga gavusi pra\u0161ym\u0105, ne v\u0117liau kaip per 30 kalendorini\u0173 dien\u0173 nuo kreipimosi dienos, pateikia atsakym\u0105 ra\u0161tu.<br \/>Teis\u0117 reikalauti i\u0161taisyti duomenis.<\/li>\n\n<li>Jei duomen\u0173 subjektas, susipa\u017ein\u0119s su savo asmens duomenimis, nustato, kad jo asmens duomenys yra neteisingi, nei\u0161sam\u016bs ar netiksl\u016bs, \u012estaiga nedelsiant privalo asmens duomenis patikrinti ir duomen\u0173 subjekto pra\u0161ymu (ra\u0161ytine, \u017eodine ar kita forma) nedelsiant i\u0161taisyti neteisingus, nei\u0161samius, netikslius asmens duomenis ir (ar) sustabdyti toki\u0173 asmens duomen\u0173 tvarkymo veiksmus, i\u0161skyrus saugojim\u0105.<br \/>Teis\u0117 reikalauti i\u0161trinti duomenis (\u201eteis\u0117 b\u016bti pamir\u0161tam\u201c).<\/li>\n\n<li>Duomen\u0173 subjektas turi teis\u0119 pra\u0161yti duomen\u0173 valdytojo nedelsiant i\u0161trinti asmens duomenis, o duomen\u0173 valdytojas privalo i\u0161trinti asmens duomenis be nepagr\u012fsto delsimo esant vienai i\u0161 aplinkybi\u0173:\n<ul class=\"wp-block-list\">\n<li>Kai asmens duomenys neb\u0117ra reikalingi tam, kad b\u016bt\u0173 pasiekti tikslai, kuriais jie buvo renkami ir tvarkomi;<\/li>\n\n<li>Kai asmens duomen\u0173 subjektas at\u0161auk\u0117 sutikim\u0105, kuriuo grind\u017eiamas duomen\u0173 tvarkymas ir n\u0117ra kit\u0173 teisini\u0173 pagrind\u0173 duomen\u0173 tvarkymui;<\/li>\n\n<li>Kai asmens duomenys buvo tvarkomi neteis\u0117tai.<br \/>Teis\u0117 apriboti duomen\u0173 tvarkym\u0105;<\/li>\n<\/ul>\n<\/li>\n\n<li>Duomen\u0173 subjektas turi teis\u0119 pra\u0161yti duomen\u0173 valdytoj\u0105 apriboti duomen\u0173 tvarkym\u0105 tais atvejais, kai asmens duomen\u0173 subjektas u\u017egin\u010dija duomen\u0173 tikslum\u0105 u\u017e tok\u012f laikotarp\u012f, per kur\u012f duomen\u0173 valdytojas gali \u0161\u012f tikslum\u0105 patikrinti; kai asmens duomen\u0173 tvarkymas yra neteis\u0117tas ir duomen\u0173 subjektas nesutinka, kad duomenys b\u016bt\u0173 i\u0161trinti, vietoj to pra\u0161ydamas apriboti j\u0173 naudojim\u0105; kai duomen\u0173 valdytojui asmens duomenys tvarkymo tikslais jau nebereikalingi, ta\u010diau j\u0173 reikia duomen\u0173 subjektui siekiant pareik\u0161ti, vykdyti arba apginti teisinius reikalavimus.<br \/>Teis\u0117 \u012f duomen\u0173 perkeliamum\u0105.<br \/>Duomen\u0173 subjektas turi teis\u0119 atgauti savo pateiktus asmens duomenis i\u0161 duomen\u0173 valdytojo susistemintu, \u012fprastai naudojamu ir kompiuterio skaitomu formatu.<br \/>Teis\u0117 nesutikti, kad b\u016bt\u0173 tvarkomi asmens duomenys.<\/li>\n\n<li>Asmuo turi teis\u0119 nesutikti (ra\u0161tu, \u017eod\u017eiu ar kitokia forma), kad b\u016bt\u0173 tvarkomi tam tikri neprivalomi asmens duomenys. Toks nesutikimas gali b\u016bti pareik\u0161tas duomen\u0173 rinkimo metu neu\u017epildant tam tikr\u0173 pra\u0161ymo, sutarties ar anketos viet\u0173 (eilu\u010di\u0173) arba v\u0117liau gavus bet kokios formos duomen\u0173 subjekto pra\u0161ym\u0105 nutraukti tam tikr\u0173 neprivalom\u0173 asmens duomen\u0173 tvarkym\u0105. Kad \u0161i teis\u0117 b\u016bt\u0173 \u012fgyvendinama, duomen\u0173 subjektui privalo b\u016bti suteikta informacija, kurie jo asmens duomenys yra neprivalomi tvarkyti.<br \/>SPECIALIOSIOS NUOSTATOS<br \/><br \/>Asmens duomenys \u012estaigoje tvarkomi \u0161iais tikslais:<\/li>\n<\/ul>\n\n<ul class=\"wp-block-list\">\n<li>sutar\u010di\u0173 su paslaug\u0173 \/ darb\u0173 tiek\u0117jais \u012fgyvendinimo,<\/li>\n\n<li>sutar\u010di\u0173 su Kult\u016bros fabriko rezidentais \u012fgyvendinimo,<\/li>\n\n<li>rengini\u0173 organizavimo,<\/li>\n\n<li>ataskait\u0173 rengimo,<\/li>\n\n<li>asmen\u0173 ir turto apsaugos u\u017etikrinimo (\u017er. Vaizdo duomen\u0173 tvarkymo taisykl\u0117s),<\/li>\n\n<li>investicij\u0173 pritraukimo<\/li>\n\n<li>ry\u0161i\u0173 palaikymo su valstybini\u0173 ir savivaldyb\u0117s \u012fmoni\u0173, asocijuot\u0173 strukt\u016br\u0173, \u0161vietimo \u012fstaig\u0173 ir verslo \u012fmon\u0117mis,<\/li>\n\n<li>\u012fstaigos vidaus administravimo,<\/li>\n\n<li>archyvavimo tikslu.<br \/>Sutar\u010di\u0173 su paslaug\u0173 \/ darb\u0173 tiek\u0117jais \u012fgyvendinimo tikslu renkami \u0161ie duomenys: \u012fmon\u0117s rekvizitai, \u012fmon\u0117s atstovo vardas, pavard\u0117, atstovo el. pa\u0161to adresas, tel. numeris.<br \/>Sutar\u010di\u0173 su Kult\u016bros fabriko rezidentais \u012fgyvendinimo tikslu renkami \u0161ie duomenys: \u012fmon\u0117s rekvizitai, \u012fmon\u0117s atstovo vardas, pavard\u0117, atstovo el. pa\u0161to adresas, tel. numeris. Jei rezidentas fizinis asmuo, tuomet fizinio asmens vardas pavard\u0117, gyvenamosios vietos adresas, tel. numeris, el. pa\u0161to adresas.<br \/>Rengini\u0173 organizavimo tikslu renkami \u0161ie duomenys: fizinio asmens vardas, pavard\u0117, \u012fmon\u0117s, kuriai atstovauja, pavadinimas, telefono numeris, el. pa\u0161to adresas.<br \/>Ataskait\u0173 rengimo tikslu tvarkomi duomenys, gauti \u012fgyvendinant sutartis su paslaug\u0173 \/ darb\u0173 tiek\u0117jais, \u012fgyvendinant sutartis su Kult\u016bros fabriko rezidentais, organizuojant renginius.<br \/>Asmen\u0173 ir turto apsaugos u\u017etikrinimo tikslu Kult\u016bros fabrike renkami vaizdo duomenys.<br \/>Investicij\u0173 pritraukimo tikslu renkami \u0161ie duomenys: \u012fmon\u0117s rekvizitai, \u012fmon\u0117s atstovo vardas, pavard\u0117, atstovo el. pa\u0161to adresas, tel. numeris.<br \/>Ry\u0161i\u0173 palaikymo su valstybini\u0173 ir savivaldyb\u0117s \u012fmoni\u0173, asocijuot\u0173 strukt\u016br\u0173, \u0161vietimo \u012fstaig\u0173 ir verslo \u012fmon\u0117mis, fizinio asmens vardas, pavard\u0117, atstovaujamos \u012fmon\u0117s pavadinimas, telefono numeris, el. pa\u0161to adresas.<br \/>\u012estaigos vidaus administravimo tikslu renkami \u0161ie duomenys: darbuotojo vardas, pavard\u0117, asmens kodas, asmens socialinio draudimo numeris, pilietyb\u0117, adresas, tel. numeris, el. pa\u0161to adresas, gyvenimo apra\u0161ymas, \u0161eimin\u0117 pad\u0117tis, pareigos, duomenys apie pri\u0117mim\u0105 (perk\u0117lim\u0105) \u012f pareigas, atleidim\u0105 i\u0161 pareig\u0173, duomenys apie i\u0161silavinim\u0105 ir kvalifikacij\u0105, duomenys apie mokym\u0105, duomenys apie atostogas, darbo u\u017emokest\u012f, i\u0161eitines i\u0161mokas, kompensacijas, pa\u0161alpas, informacija apie dirbt\u0105 darbo laik\u0105, skatinimus, nuobaudas, informacija apie atliktus darbus ir u\u017eduotis, Lietuvos Respublikos pilie\u010dio paso arba asmens tapatyb\u0117s kortel\u0117s numeris, i\u0161davimo data, galiojimo data, dokument\u0105 i\u0161davusi \u012fstaiga.<br \/>Asmens duomenys turi b\u016bti saugomi ne ilgiau, nei to reikalauja duomen\u0173 tvarkymo tikslai.<br \/><br \/>Duomen\u0173 rinkimo ir saugojimo tvarka:<\/li>\n\n<li>Sutar\u010di\u0173 su paslaug\u0173 \/ darb\u0173 tiek\u0117jais duomenys saugomi virtualioje saugykloje.<\/li>\n\n<li>Sutar\u010di\u0173 su Kult\u016bros fabriko rezidentais duomenys saugomi virtualioje saugykloje.<\/li>\n\n<li>Rengini\u0173 organizavimo metu renkami duomenys saugomi virtualioje saugykloje.<\/li>\n\n<li>Investicij\u0173 pritraukimo tikslais surinkti duomenys saugomi projekt\u0173 valdymo sistemoje esan\u010diame kontakt\u0173 s\u0105ra\u0161e<\/li>\n\n<li>\u012estaigos atstovui ar atstovams susitikus su valstybini\u0173 ir savivaldyb\u0117s \u012fmoni\u0173, asocijuot\u0173 strukt\u016br\u0173, \u0161vietimo \u012fstaig\u0173 ir verslo \u012fmon\u0117mis ir gavus asmens vizitin\u0119 kortel\u0119, jo duomenys yra suvedami \u012f virtualioje projekt\u0173 valdymo sistemoje esant\u012f kontakt\u0173 s\u0105ra\u0161\u0105.<\/li>\n\n<li>\u012estaigos vidaus administravimo tikslu darbuotoj\u0173 duomenys saugomi buhalterin\u0117s apskaitos programoje.<br \/>Duomen\u0173 perdavimas tretiesiems asmenims:<\/li>\n\n<li>Duomenys gali b\u016bti perduodami institucijoms, kontroliuojan\u010dioms \u012estaigos veikl\u0105. \u012estaiga yra tiesiogiai pavaldi Klaip\u0117dos miesto savivaldyb\u0117s administracijai.<\/li>\n\n<li>Duomenys gali b\u016bti perduodami institucijoms, kurioms \u012estaiga turi teikti Europos S\u0105jungos finansuojam\u0173 veikl\u0173 ataskaitas.<\/li>\n\n<li>Darbuotoj\u0173 duomenys perduodami Valstybinio socialinio draudimo fondo valdybai, Valstyb\u0117s \u012fmonei Registr\u0173 centras.<br \/><br \/>KONFIDENCIALUMO IR SAUGUMO NUOSTATOS<\/li>\n<\/ul>\n\n<p>\u012estaigos darbuotojai, turi laikytis konfidencialumo principo ir laikyti paslaptyje bet koki\u0105 su asmens duomenimis susijusi\u0105 informacij\u0105, su kuria jie susipa\u017eino vykdydami savo pareigas. Pareiga saugoti asmens duomen\u0173 paslapt\u012f galioja taip pat ir per\u0117jus dirbti \u012f kitas pareigas, pasibaigus darbo ar sutartiniams santykiams.<br \/>\u012estaiga direktoriaus \u012fsakymu paskiria darbuotojus, kurie gali dirbti su asmens duomenimis. Darbuotojai gali susipa\u017einti bei naudotis tik tais dokumentais ir duomen\u0173 rinkmenomis, su kuriais susipa\u017einti ir juos tvarkyti jie buvo \u012fgalioti.<br \/>Darbuotojai turi imtis priemoni\u0173, kad b\u016bt\u0173 u\u017ekirstas kelias atsitiktiniam ar neteis\u0117tam asmens duomen\u0173 sunaikinimui, pakeitimui, atskleidimui, taip pat bet kokiam kitam neteis\u0117tam tvarkymui, saugodami dokumentus bei duomen\u0173 rinkmenas tinkamai ir saugiai bei vengiant nereikaling\u0173 kopij\u0173 darymo. Jei darbuotojas abejoja \u012fdiegt\u0173 saugumo priemoni\u0173 patikimumu, jis turi kreiptis \u012f tiesiogin\u012f savo vadov\u0105, kad b\u016bt\u0173 \u012fvertintos turimos saugumo priemon\u0117s ir, jei reikia, inicijuotas papildom\u0173 priemoni\u0173 \u012fsigijimas ir \u012fdiegimas;<br \/>Darbuotojai, kurie tvarko asmens duomenis arba i\u0161 kuri\u0173 kompiuteri\u0173 galima patekti \u012f virtuali\u0105 fail\u0173 saugykl\u0105, kurioje yra saugomi asmens duomenys, privalo naudoti slapta\u017eod\u017eius. Slapta\u017eod\u017eiai turi b\u016bti kei\u010diami periodi\u0161kai, ne re\u010diau kaip kart\u0105 per tris m\u0117nesius, o taip pat susidarius tam tikroms aplinkyb\u0117ms (pvz.: pasikeitus darbuotojui, i\u0161kilus \u012fsilau\u017eimo gr\u0117smei, kilus \u012ftarimui, kad slapta\u017eodis tapo \u017einomas tretiesiems asmenims, ir pan.). Darbuotojas, dirbantis konkre\u010diu kompiuteriu, gali \u017einoti tik savo slapta\u017eod\u012f.<br \/>Darbuotoj\u0173 kompiuteriai, kuriuose saugomi subjekt\u0173 duomenys, negali b\u016bti laisvai prieinami i\u0161 kit\u0173 tinklo kompiuteri\u0173. \u0160i\u0173 kompiuteri\u0173 antivirusin\u0117 programa turi b\u016bti nuolat atnaujinama.<br \/>\u012estaigoje u\u017etikrinama bevielio interneto tinklo apsauga, \u012estaigos sve\u010diai prie bevielio tinklo jungiasi \u201esve\u010dio\u201c (\u201eguest\u201c) tipo slapta\u017eod\u017eiais.<br \/>DUOMEN\u0172 SAUGOJIMAS ARCHYVE<\/p>\n\n<p>Archyvuojami duomenys privalo b\u016bti saugojami u\u017erakintoje patalpoje.<br \/>Duomen\u0173 valdytojas turi u\u017etikrinti, kad archyvas neb\u016bt\u0173 prieinamas pa\u0161aliniams asmenims.<br \/>BAIGIAMOSIOS NUOSTATOS<\/p>\n\n<p>Su \u0161iomis taisykl\u0117mis visi darbuotojai supa\u017eindinami pasira\u0161ytinai.<br \/>Taisykl\u0117s skelbiamos \u012estaigos interneto svetain\u0117je.<\/p>\n\t\t\t\t\t\t\t\t<\/div>\n\t\t\t\t<\/div>\n\t\t\t\t\t<\/div>\n\t\t\t\t<\/div>\n\t\t\t\t<\/div>","protected":false},"excerpt":{"rendered":"<p>BENDROSIOS NUOSTATOS Vie\u0161osios \u012fstaigos \u201eB\u012e Klaip\u0117dos kult\u016br\u0173 komunikacij\u0173 centras\u201c asmens duomen\u0173 tvarkymo taisykl\u0117s (toliau \u2013 Taisykl\u0117s) nustato vie\u0161osios \u012fstaigos \u201eB\u012e Klaip\u0117dos kult\u016br\u0173 komunikacij\u0173 centras\u201c (toliau \u2013 \u012estaiga) asmens duomen\u0173 tvarkymo taisykles. Taisykl\u0117mis siekiama u\u017etikrinti Bendrojo asmens duomen\u0173 apsaugos reglamento (ES) 2016\/679 (toliau BDAR) laikym\u0105si ir \u012fgyvendinim\u0105 \u012fstaigoje. \u0160iose Taisykl\u0117se vartojamos s\u0105vokos atitinka BDAR vartojamas s\u0105vokas.\u012estaigos [&hellip;]<\/p>","protected":false},"author":1,"featured_media":0,"parent":0,"menu_order":0,"comment_status":"closed","ping_status":"closed","template":"","meta":{"_acf_changed":false,"footnotes":""},"class_list":["post-1022","page","type-page","status-publish","hentry"],"acf":[],"_links":{"self":[{"href":"https:\/\/klaipedabiennial.lt\/en\/wp-json\/wp\/v2\/pages\/1022","targetHints":{"allow":["GET"]}}],"collection":[{"href":"https:\/\/klaipedabiennial.lt\/en\/wp-json\/wp\/v2\/pages"}],"about":[{"href":"https:\/\/klaipedabiennial.lt\/en\/wp-json\/wp\/v2\/types\/page"}],"author":[{"embeddable":true,"href":"https:\/\/klaipedabiennial.lt\/en\/wp-json\/wp\/v2\/users\/1"}],"replies":[{"embeddable":true,"href":"https:\/\/klaipedabiennial.lt\/en\/wp-json\/wp\/v2\/comments?post=1022"}],"version-history":[{"count":0,"href":"https:\/\/klaipedabiennial.lt\/en\/wp-json\/wp\/v2\/pages\/1022\/revisions"}],"wp:attachment":[{"href":"https:\/\/klaipedabiennial.lt\/en\/wp-json\/wp\/v2\/media?parent=1022"}],"curies":[{"name":"wp","href":"https:\/\/api.w.org\/{rel}","templated":true}]}}